{"id":1014,"date":"2014-11-13T13:07:12","date_gmt":"2014-11-13T12:07:12","guid":{"rendered":"https:\/\/ellad2.com\/es\/?post_type=product&#038;p=1014"},"modified":"2018-07-12T04:16:08","modified_gmt":"2018-07-12T03:16:08","slug":"tutorial-colgante-build","status":"publish","type":"product","link":"https:\/\/ellad2.com\/es\/tienda\/tutorial-colgante-build\/","title":{"rendered":"Tutorial Colgante \u00abBuild it Up\u00bb"},"content":{"rendered":"<p><strong>\u2018Edificando\u2019 su propio colgante Triangular<\/strong><\/p>\n<p>Con un poquito de trabajo geom\u00e9trico en puntada Peyote y puntada CRAW.\u00a0 La forma es simple, pero tiene muchas posibilidades para su desarrollo. Yo us\u00e9 un patr\u00f3n simple. Usted puede hacer su propio tri\u00e1ngulo con m\u00e1s o menos colores y tambi\u00e9n con otro tipo de cuentas en algunos puntos \u2026<\/p>\n<p>Nivel del Proyecto: Intermedio\/Avanzado<br \/>\nDebe estar familiarizada con la puntada Peyote y con puntada CRAW.<\/p>\n<p>El Tutorial para Edificar un colgante Triangular es muy detallado, f\u00e1cil de seguir, paso a paso, con instrucciones claras y con fotograf\u00edas a color de cada paso.<\/p>\n<p>Tama\u00f1o del colgante: 4.6 cm \/ casi 1.8\u2033<\/p>\nngg_shortcode_0_placeholder\n<p>Material necesario:<\/p>\n<p>\u2013 Cuentas Seed Miyuki 11\/0, 15\/0<br \/>\n\u2013 Cuentas Delica Miyuki 11\/0<br \/>\n\u2013 Anillos de salto<br \/>\n\u2013 FireLine 6 lb (0.008)<br \/>\n\u2013 Aguja para enfilar tama\u00f1o 12 o aguja Tulip 11<\/p>\n<p>El Tutorial de abalorios es un archivo PDF. Despu\u00e9s de que se haya realizado el pago ser\u00e1 dirigida a ellad2.com otra vez, donde encontrar\u00e1 el enlace para la descargar. Adem\u00e1s recibir\u00e1 un correo electr\u00f3nico (por favor, tambi\u00e9n revise la bandeja de correo no deseado\/spam) con el mismo enlace para su descarga.<\/p>\n<p>La invitamos a vender los art\u00edculos que usted ha hecho de los tutoriales que me ha comprado.<br \/>\nVea aqu\u00ed mis: <a href=\"https:\/\/ellad2.com\/es\/terminos-y-condiciones-ellad2\/\"><strong><em>T\u00e9rminos y Condiciones<\/em><\/strong><\/a><\/p>\n<p>Derechos de Autor \u00a9 Ellad2<\/p>\n","protected":false},"excerpt":{"rendered":"<p>\u2018Edificando\u2019 su propio colgante Triangular Con un poquito de trabajo geom\u00e9trico en puntada Peyote y puntada CRAW.\u00a0 La forma es simple, pero tiene muchas posibilidades para su desarrollo. Yo us\u00e9 un patr\u00f3n simple. Usted puede hacer su propio tri\u00e1ngulo con m\u00e1s o menos colores y tambi\u00e9n con otro tipo de cuentas en algunos puntos \u2026&hellip;&nbsp;<a href=\"https:\/\/ellad2.com\/es\/tienda\/tutorial-colgante-build\/\" rel=\"bookmark\">Read More &raquo;<span class=\"screen-reader-text\">Tutorial Colgante \u00abBuild it Up\u00bb<\/span><\/a><\/p>\n","protected":false},"featured_media":1015,"template":"","meta":{"neve_meta_sidebar":"","neve_meta_container":"","neve_meta_enable_content_width":"","neve_meta_content_width":0,"neve_meta_title_alignment":"","neve_meta_author_avatar":"","neve_post_elements_order":"","neve_meta_disable_header":"","neve_meta_disable_footer":"","neve_meta_disable_title":"","neve_meta_reading_time":"","ngg_post_thumbnail":0},"product_brand":[],"product_cat":[327],"product_tag":[],"class_list":{"0":"post-1014","1":"product","2":"type-product","3":"status-publish","4":"has-post-thumbnail","6":"product_cat-colgantes","8":"first","9":"instock","10":"downloadable","11":"virtual","12":"purchasable","13":"product-type-simple"},"_links":{"self":[{"href":"https:\/\/ellad2.com\/es\/wp-json\/wp\/v2\/product\/1014","targetHints":{"allow":["GET"]}}],"collection":[{"href":"https:\/\/ellad2.com\/es\/wp-json\/wp\/v2\/product"}],"about":[{"href":"https:\/\/ellad2.com\/es\/wp-json\/wp\/v2\/types\/product"}],"wp:featuredmedia":[{"embeddable":true,"href":"https:\/\/ellad2.com\/es\/wp-json\/wp\/v2\/media\/1015"}],"wp:attachment":[{"href":"https:\/\/ellad2.com\/es\/wp-json\/wp\/v2\/media?parent=1014"}],"wp:term":[{"taxonomy":"product_brand","embeddable":true,"href":"https:\/\/ellad2.com\/es\/wp-json\/wp\/v2\/product_brand?post=1014"},{"taxonomy":"product_cat","embeddable":true,"href":"https:\/\/ellad2.com\/es\/wp-json\/wp\/v2\/product_cat?post=1014"},{"taxonomy":"product_tag","embeddable":true,"href":"https:\/\/ellad2.com\/es\/wp-json\/wp\/v2\/product_tag?post=1014"}],"curies":[{"name":"wp","href":"https:\/\/api.w.org\/{rel}","templated":true}]}}