{"id":1003,"date":"2014-10-30T22:24:35","date_gmt":"2014-10-30T21:24:35","guid":{"rendered":"https:\/\/ellad2.com\/es\/?post_type=product&#038;p=1003"},"modified":"2018-07-12T04:16:08","modified_gmt":"2018-07-12T03:16:08","slug":"tutorial-anillo-eligia","status":"publish","type":"product","link":"https:\/\/ellad2.com\/es\/tienda\/tutorial-anillo-eligia\/","title":{"rendered":"Tutorial Anillo Eligia"},"content":{"rendered":"<p>El nombre italiano Eligia significa elegido\u2026<\/p>\n<p>\u00a1Y este anillo es justo esto!<\/p>\n<p>Usted puede jugar con los colores y con el modelo\u2026<br \/>\nEl anillo es una combinaci\u00f3n de puntada Peyote, herringbone y RAW modificado.<\/p>\n<p>El Tutorial para el Anillo Eligia es muy detallado, f\u00e1cil de seguir, paso a paso, con instrucciones claras y con fotograf\u00edas a color de cado paso.<\/p>\n<p>Debe estar familiarizada con la puntada peyote.<\/p>\nngg_shortcode_0_placeholder\n<p>Material necesario:<\/p>\n<p>\u2013 Cuentas Delica Miyuki tama\u00f1o 11\/0<br \/>\n\u2013 Perla 6mm<br \/>\n\u2013 Fireline 6lb (0.008)<br \/>\n\u2013 Aguja para enfilar tama\u00f1o 12 o aguja Tulip 11<\/p>\n<p>El Tutorial de abalorios es un archivo PDF. Despu\u00e9s de que se haya realizado el pago, ser\u00e1 dirigida a ella2.com otra vez, donde encontrar\u00e1 el enlace para la descarga. Adem\u00e1s, usted recibir\u00e1 un correo electr\u00f3nico (por favor, revise la bandeja de correo no deseado\/spam) con el mismo enlace para su descarga.<\/p>\n<p>La invitamos a vender los art\u00edculos que usted ha hecho de los tutoriales que me ha comprado.<br \/>\nVea aqu\u00ed mis: <a href=\"https:\/\/ellad2.com\/es\/terminos-y-condiciones-ellad2\/\"><strong><em>T\u00e9rminos y Condiciones<\/em><\/strong><\/a><\/p>\n<p>Derechos de Autor\u00a9Ellad2<\/p>\n","protected":false},"excerpt":{"rendered":"<p>El nombre italiano Eligia significa elegido\u2026 \u00a1Y este anillo es justo esto! Usted puede jugar con los colores y con el modelo\u2026 El anillo es una combinaci\u00f3n de puntada Peyote, herringbone y RAW modificado. El Tutorial para el Anillo Eligia es muy detallado, f\u00e1cil de seguir, paso a paso, con instrucciones claras y con fotograf\u00edas&hellip;&nbsp;<a href=\"https:\/\/ellad2.com\/es\/tienda\/tutorial-anillo-eligia\/\" rel=\"bookmark\">Read More &raquo;<span class=\"screen-reader-text\">Tutorial Anillo Eligia<\/span><\/a><\/p>\n","protected":false},"featured_media":1004,"template":"","meta":{"neve_meta_sidebar":"","neve_meta_container":"","neve_meta_enable_content_width":"","neve_meta_content_width":0,"neve_meta_title_alignment":"","neve_meta_author_avatar":"","neve_post_elements_order":"","neve_meta_disable_header":"","neve_meta_disable_footer":"","neve_meta_disable_title":"","neve_meta_reading_time":"","ngg_post_thumbnail":0},"product_brand":[],"product_cat":[323],"product_tag":[],"class_list":{"0":"post-1003","1":"product","2":"type-product","3":"status-publish","4":"has-post-thumbnail","6":"product_cat-anillos","8":"first","9":"instock","10":"downloadable","11":"virtual","12":"purchasable","13":"product-type-simple"},"_links":{"self":[{"href":"https:\/\/ellad2.com\/es\/wp-json\/wp\/v2\/product\/1003","targetHints":{"allow":["GET"]}}],"collection":[{"href":"https:\/\/ellad2.com\/es\/wp-json\/wp\/v2\/product"}],"about":[{"href":"https:\/\/ellad2.com\/es\/wp-json\/wp\/v2\/types\/product"}],"wp:featuredmedia":[{"embeddable":true,"href":"https:\/\/ellad2.com\/es\/wp-json\/wp\/v2\/media\/1004"}],"wp:attachment":[{"href":"https:\/\/ellad2.com\/es\/wp-json\/wp\/v2\/media?parent=1003"}],"wp:term":[{"taxonomy":"product_brand","embeddable":true,"href":"https:\/\/ellad2.com\/es\/wp-json\/wp\/v2\/product_brand?post=1003"},{"taxonomy":"product_cat","embeddable":true,"href":"https:\/\/ellad2.com\/es\/wp-json\/wp\/v2\/product_cat?post=1003"},{"taxonomy":"product_tag","embeddable":true,"href":"https:\/\/ellad2.com\/es\/wp-json\/wp\/v2\/product_tag?post=1003"}],"curies":[{"name":"wp","href":"https:\/\/api.w.org\/{rel}","templated":true}]}}