{"id":8423,"date":"2018-07-14T12:20:46","date_gmt":"2018-07-14T11:20:46","guid":{"rendered":"https:\/\/ellad2.com\/es\/?page_id=8423"},"modified":"2018-07-14T20:56:02","modified_gmt":"2018-07-14T19:56:02","slug":"sobre-mi","status":"publish","type":"page","link":"https:\/\/ellad2.com\/es\/sobre-mi\/","title":{"rendered":"Sobre m\u00ed"},"content":{"rendered":"<p><strong><em>Mi historia es un poco diferente\u2026\u2026<\/em><\/strong><\/p>\n<p>Nac\u00ed y crec\u00ed en Belgrado, Serbia. Me gradu\u00e9 de la Universidad de Ciencias Econ\u00f3micas con un M\u00e1ster en Gerencia de Mercadotecnia y PR. Al lado de eso \u00abparte oficial\u00bb de mi vida, desde que recuerdo, mis manos siempre han estado ocupadas. Yo estaba cosiendo, tejiendo, tejiendo en punto&#8230; incluso hice algunas piezas de muebles para mi apartamento.<\/p>\n<p>Despu\u00e9s de 15 a\u00f1os de estr\u00e9s permanente y trabajando m\u00e1s de 10 horas al d\u00eda dej\u00e9 mi ambiente elegante y eleg\u00ed vivir en un barco velero de 45 pies, para navegar alrededor del mundo con el hombre que amo. Yo estaba en mis cuarenta y medio. Tomar esa decisi\u00f3n no fue f\u00e1cil, pero nunca me he arrepentido. Podr\u00eda escribir mucho m\u00e1s sobre este tema, pero luego lo llamar\u00edamos &#8216;un libro&#8217;, y no una breve introducci\u00f3n de m\u00ed y mi trabajo.<\/p>\n<p>Salimos de Europa atravesando el oc\u00e9ano Atl\u00e1ntico, navegamos el Caribe durante unos a\u00f1os, despu\u00e9s pasamos por el canal de Panam\u00e1 y en este momento estamos en M\u00e9xico (julio 2018).<\/p>\n<p>[ngg_images source=\u00bbgalleries\u00bb container_ids=\u00bb361&#8243; display_type=\u00bbphotocrati-nextgen_basic_thumbnails\u00bb override_thumbnail_settings=\u00bb0&#8243; thumbnail_width=\u00bb100&#8243; thumbnail_height=\u00bb75&#8243; thumbnail_crop=\u00bb1&#8243; images_per_page=\u00bb20&#8243; number_of_columns=\u00bb0&#8243; ajax_pagination=\u00bb0&#8243; show_all_in_lightbox=\u00bb0&#8243; use_imagebrowser_effect=\u00bb0&#8243; show_slideshow_link=\u00bb0&#8243; slideshow_link_text=\u00bb[Show as slideshow]\u00bb order_by=\u00bbsortorder\u00bb order_direction=\u00bbASC\u00bb returns=\u00bbincluded\u00bb maximum_entity_count=\u00bb500&#8243;]<\/p>\n<p><strong><em>\u00bfC\u00f3mo empec\u00e9?<\/em><\/strong><\/p>\n<p>En las Islas Canarias conoc\u00ed a una mujer de Alemania que me ense\u00f1\u00f3 sus propias joyas de abalorios. \u00a1Estaba enamorada! Me ense\u00f1\u00f3 en dos horas un punto b\u00e1sico \u2013 Peyote. Despu\u00e9s de eso arrastr\u00e9 a mi marido a todo tipo de tiendas de artesan\u00edas, compr\u00e9 cuentas de pl\u00e1stico y comenc\u00e9.&nbsp; Pas\u00e9 semanas en el aprendizaje en Internet. Hice una enorme cantidad de piezas, las destru\u00ed e hice otras. \u00a1Y entonces era un tiempo para cuentas verdaderas-cuentas de cristal! Yo era imparable ?<\/p>\n<p>Para m\u00ed, me sent\u00ed como un creativo bot\u00f3n escondido, lo que estaba esperando desde hace mucho tiempo, y fue presionado de nuevo.<\/p>\n<p>\u00a1Y mi nueva pasi\u00f3n, profesi\u00f3n y una manera de hacer mi vida nacieron!<\/p>\n<p><strong><em>Acerca de mi proceso creativo:<\/em><\/strong><\/p>\n<p>No hago dibujos y la mayor parte del tiempo no s\u00e9 lo que voy a hacer.<img loading=\"lazy\" decoding=\"async\" class=\"size-full wp-image-8515 alignright\" src=\"https:\/\/ellad2.com\/es\/wp-content\/uploads\/2018\/07\/Ellad2-beading-creative-explosion.png\" alt=\"Ellad2-beading-creative-explosion\" width=\"300\" height=\"193\" srcset=\"https:\/\/ellad2.com\/es\/wp-content\/uploads\/2018\/07\/Ellad2-beading-creative-explosion.png 300w, https:\/\/ellad2.com\/es\/wp-content\/uploads\/2018\/07\/Ellad2-beading-creative-explosion-200x129.png 200w\" sizes=\"auto, (max-width: 300px) 100vw, 300px\" \/><\/p>\n<p>El principio es la parte m\u00e1s dif\u00edcil&#8230; Empiezo a rebordear y luego mi cerebro y mis manos se apoderan.<\/p>\n<p>Las formas aparecen y desaparecen, una mezcla de t\u00e9cnicas, todo tipo de cuentas y un gran l\u00edo a mi alrededor (mi marido le llama \u00abla explosi\u00f3n creativa\u00bb) y de repente en ese proceso, es claro para m\u00ed lo que voy a hacer.<\/p>\n<p>No es s\u00f3lo el resultado lo que me gusta, sino tambi\u00e9n el viaje a esto. Cuando nace mi nuevo dise\u00f1o, tengo que hacer el tutorial. As\u00ed que lo hago de nuevo y a veces me hago la pregunta: \u00abmujer, \u00bfc\u00f3mo hiciste eso?\u00bb ?<\/p>\n<p><strong><em>\u00bfInspiraci\u00f3n?<\/em><\/strong><\/p>\n<p>Yo dir\u00eda que la mayor parte del tiempo los colores y la forma de las cuentas son la fuente de mi inspiraci\u00f3n.<\/p>\n<p>Tambi\u00e9n consigo la inspiraci\u00f3n en la naturaleza por supuesto, porque somos muy relacionados a la naturaleza en nuestra vida cotidiana.<\/p>\n<p>Siempre estoy sorprendida cuando veo mi pieza acabada en joyer\u00eda \u00bfc\u00f3mo llegue all\u00ed? Tengo tantas ideas y definitivamente no tengo tiempo suficiente para hacer todo lo que quiero y pienso. Especialmente cuando estamos navegando estoy frustrada, pasando de un lugar a otro&#8230; Y eso puede durar a veces unos pocos meses. Durante la navegaci\u00f3n no puedo trabajar con cuentas. Los movimientos del barco son demasiado continuos ?<\/p>\n<p><strong><em>Acerca de mis dise\u00f1os:<\/em><\/strong><\/p>\n<p>No tengo un estilo espec\u00edfico. Mis dise\u00f1os son todos diferentes. Usted puede encontrar victoriano, moderno y contempor\u00e1neo en mi trabajo y se pueden encontrar a todos ellos en una solo pieza. Utilizo muchos colores p\u00farpura y azul\/tonos. Por supuesto, el oro, la plata y el bronce van con ellos.<\/p>\n<p><strong><em>Color favorito\/s:<\/em><\/strong><\/p>\n<p>El color importa. Todos los que conocen mi trabajo notaron que todos los matices p\u00farpuras son mis colores&#8230; P\u00farpura es muy raro en la naturaleza y tal vez por eso lo involucro en mis creaciones, como en mi subconsciente trata de hacer alg\u00fan tipo de equilibrio en mi mente. Y s\u00ed, tambi\u00e9n me gustan todos los matices en azul. Toda esa agua que nos rodea hizo su trabajo ?<\/p>\n<p>\u00daltimamente, los pasteles se hicieron interesantes para m\u00ed. El \u00fanico problema que tengo con estos es \u2013 c\u00f3mo tomar una buena foto ?&nbsp;&nbsp;<\/p>\n<p><strong><em>Cuentas favoritas o formas de cuentas:<\/em><\/strong><\/p>\n<p>Son todos mis favoritos y me encantan profundamente ? s\u00f3lo que algunos abalorios utilizo m\u00e1s que otros.<\/p>\n<p><strong><em>Puntada de abalorios favorita:<\/em><\/strong><\/p>\n<p>No tengo puntada de abalorios favorita. Los amos a todos especialmente cuando estos \u00abtrabajan para m\u00ed\u00bb en momentos creativos.<\/p>\n<p><strong><em>Lo siguiente:<\/em><\/strong><\/p>\n<p>Bueno, al lado de nuevas aventuras de navegaci\u00f3n tengo un mont\u00f3n de ideas sobre nuevos dise\u00f1os. Pero, primero tengo que averiguar c\u00f3mo encontrar tiempo para todos mis detonantes. Dej\u00e9 de planear hace muchos a\u00f1os. Me enter\u00e9 de que no coincid\u00eda con nuestra vida en el crucero ? incluso en nuestro barco est\u00e1 escrito: \u00ablos planes son s\u00f3lo pautas para hacer algo m\u00e1s\u00bb prefiero vivir cada d\u00eda como un d\u00eda especial con un mont\u00f3n de abalorios en \u00e9l.<\/p>\n<p><strong><em>\u00bfQu\u00e9 me hace seguir adelante?<\/em><\/strong><\/p>\n<p>Mis mayores incentivos provienen de ustedes, mis clientes. Me encanta ver las fotos de las joyas que hacen usando mis tutoriales. La mejor retroalimentaci\u00f3n que puedo conseguir. Esto me dice que hice un buen trabajo, mi coraz\u00f3n est\u00e1 lleno y me da la energ\u00eda para continuar. La forma en que te hago feliz, me haces feliz tambi\u00e9n. Es un camino de dos v\u00edas.<\/p>\n<p><strong><em>\u00bfQu\u00e9 han tra\u00eddo a mi vida los abalorios?<\/em><\/strong><\/p>\n<p>Me trajo un asombroso grupo de amigos de rebordeo por todo el mundo, mi creatividad consigui\u00f3 una oportunidad y est\u00e1 creciendo cada d\u00eda. Rebordear me hace m\u00e1s tranquila, me satisface y me da la posibilidad de navegar por todo el mundo. Tambi\u00e9n, los abalorios me trajeron dolor en el cuello y la espalda y un par de kilogramos m\u00e1s ?<\/p>\n<p>&nbsp;<\/p>\n<p><strong>\u00a1Le invito a seguirme en mi viaje de abalorios!<\/strong><\/p>\n<p>\u00a1Feliz Abalorios!<\/p>\n","protected":false},"excerpt":{"rendered":"<p>Mi historia es un poco diferente\u2026\u2026 Nac\u00ed y crec\u00ed en Belgrado, Serbia. Me gradu\u00e9 de la Universidad de Ciencias Econ\u00f3micas con un M\u00e1ster en Gerencia de Mercadotecnia y PR. Al lado de eso \u00abparte oficial\u00bb de mi vida, desde que recuerdo, mis manos siempre han estado ocupadas. Yo estaba cosiendo, tejiendo, tejiendo en punto&#8230; incluso&hellip;&nbsp;<a href=\"https:\/\/ellad2.com\/es\/sobre-mi\/\" rel=\"bookmark\">Leer m\u00e1s &raquo;<span class=\"screen-reader-text\">Sobre m\u00ed<\/span><\/a><\/p>\n","protected":false},"author":205,"featured_media":0,"parent":0,"menu_order":0,"comment_status":"closed","ping_status":"closed","template":"","meta":{"neve_meta_sidebar":"","neve_meta_container":"","neve_meta_enable_content_width":"","neve_meta_content_width":0,"neve_meta_title_alignment":"","neve_meta_author_avatar":"","neve_post_elements_order":"","neve_meta_disable_header":"","neve_meta_disable_footer":"","neve_meta_disable_title":"","footnotes":""},"class_list":["post-8423","page","type-page","status-publish","hentry"],"_links":{"self":[{"href":"https:\/\/ellad2.com\/es\/wp-json\/wp\/v2\/pages\/8423","targetHints":{"allow":["GET"]}}],"collection":[{"href":"https:\/\/ellad2.com\/es\/wp-json\/wp\/v2\/pages"}],"about":[{"href":"https:\/\/ellad2.com\/es\/wp-json\/wp\/v2\/types\/page"}],"author":[{"embeddable":true,"href":"https:\/\/ellad2.com\/es\/wp-json\/wp\/v2\/users\/205"}],"replies":[{"embeddable":true,"href":"https:\/\/ellad2.com\/es\/wp-json\/wp\/v2\/comments?post=8423"}],"version-history":[{"count":0,"href":"https:\/\/ellad2.com\/es\/wp-json\/wp\/v2\/pages\/8423\/revisions"}],"wp:attachment":[{"href":"https:\/\/ellad2.com\/es\/wp-json\/wp\/v2\/media?parent=8423"}],"curies":[{"name":"wp","href":"https:\/\/api.w.org\/{rel}","templated":true}]}}