{"id":36,"date":"2013-03-20T14:37:26","date_gmt":"2013-03-20T14:37:26","guid":{"rendered":"https:\/\/ellad2.com\/es\/?page_id=36"},"modified":"2018-07-14T12:23:53","modified_gmt":"2018-07-14T11:23:53","slug":"politica-de-privacidad","status":"publish","type":"page","link":"https:\/\/ellad2.com\/es\/politica-de-privacidad\/","title":{"rendered":"Pol\u00edtica de Privacidad"},"content":{"rendered":"<p><strong>Pol\u00edtica de privacidad:<\/strong><\/p>\n<p>Nuestra direcci\u00f3n en el internet es: https:\/\/ellad2.com.<\/p>\n<p>Ellad2.com \u00a1Respeta tu privacidad!<\/p>\n<p>En general, puede visitar Ellad2.com sin decirnos qui\u00e9n es usted. Si lo desea, puede registrarse en Ellad2.com y crear una cuenta, pero no es una obligaci\u00f3n. Para crear la cuenta, necesitamos un nombre y una direcci\u00f3n de correo electr\u00f3nico. No almacenamos informaci\u00f3n de pago<\/p>\n<p>No queremos forzar a nuestros clientes en proporcionar todo tipo de informaci\u00f3n, antes de que puedan hacer una compra. Usted tampoco necesita de esto en una \u00abtienda normal\u00bb. Nuestra intenci\u00f3n es almacenar la menor informaci\u00f3n personal posible. Sin embargo, hay veces, que necesitamos su informaci\u00f3n, como su direcci\u00f3n de correo electr\u00f3nico.<\/p>\n<p>Utilizamos su direcci\u00f3n de correo electr\u00f3nico para corresponder con usted.<br \/>\nPor ejemplo: para confirmar su pedido, para comunicar el estado del pedido y poder enviarle la compra. Si no desea que esta informaci\u00f3n se utilice como base para un mayor contacto, respetaremos esto.<\/p>\n<p>La informaci\u00f3n recopilada por Ellad2.com s\u00f3lo se utiliza internamente por tres razones:<\/p>\n<ol>\n<li>Coleccionamos la informaci\u00f3n para determinar c\u00f3mo podemos mejorar nuestro sitio web. Usamos Google Anal\u00edtico para esto. Esta pieza de instrumento en l\u00ednea nos muestra qu\u00e9 partes del sitio web son las m\u00e1s populares, de cual pa\u00eds nuestros invitados vienen y en cual lengua usan el sitio web.<\/li>\n<li>Tambi\u00e9n podemos utilizar la informaci\u00f3n que recogemos para adaptar el sitio web a sus intereses personales. Por ejemplo: Un resumen de las compras anteriores, lista de deseos, estado de pedidos y descargas.<\/li>\n<li>&nbsp;Por \u00faltimo, tambi\u00e9n realizamos un seguimiento de c\u00f3mo se encuentra nuestra p\u00e1gina web. \u00bfUsted ve un anuncio, un mensaje en Facebook o si se ha utilizado un motor de b\u00fasqueda como Google o Bing? Analizamos estos datos para obtener estad\u00edsticas y ver lo que funciona o no funciona. A continuaci\u00f3n, los datos se eliminan.&nbsp;<\/li>\n<\/ol>\n<p><strong>Cookies<\/strong><\/p>\n<p>Hay varias t\u00e9cnicas, incluyendo las llamadas \u00abcookies\u00bb que se pueden utilizar para proporcionarle informaci\u00f3n personalizada. Para que nuestro sitio funcione, enviamos peque\u00f1as piezas de informaci\u00f3n a su navegador web. Estas cookies no son peligrosas o aterradoras, pero s\u00f3lo \u00fatiles.&nbsp;<\/p>\n<p>Algunas partes en nuestro sitio web (por ejemplo, el carrito de compra) utiliza cookies para asegurarse de que su carrito de compras es su elecci\u00f3n personal y no del visitante anterior. Las cookies tambi\u00e9n son \u00fatiles porque podemos servirle mejor cuando regrese a nuestro sitio. Puedes configurar su navegador para que le avise cuando reciba una cookie para que puedas decidir si la acepta o no.<\/p>\n<p><strong>\u00bfQu\u00e9 sucede si usted es un usuario registrado?<\/strong><\/p>\n<p>Si usted tiene una cuenta y se registra en este sitio web, crearemos una cookie temporal para determinar si su navegador acepta cookies. Esta cookie no contiene datos personales y se descarta cuando usted cierra su navegador.<\/p>\n<p>Cuando inicie la sesi\u00f3n, tambi\u00e9n estableceremos varias cookies para guardar su informaci\u00f3n de inicio de sesi\u00f3n y sus opciones de visualizaci\u00f3n de pantalla. Las cookies de inicio de sesi\u00f3n duran dos d\u00edas y las cookies de pantalla duran un a\u00f1o. Si selecciona \u00abRecordarme\u00bb, su login persistir\u00e1 durante dos semanas. Si se desconectan de su cuenta, las cookies de inicio de sesi\u00f3n se eliminar\u00e1n.<\/p>\n<p>No usamos cookies de terceros. Visite nuestra p\u00e1gina web en: http:\/\/www.cookie-checker.com\/&nbsp;<\/p>\n<p><strong>Seguridad<\/strong><\/p>\n<p>El sitio web Ellad2.com est\u00e1 alojada en un servidor seguro. Toda la informaci\u00f3n se almacena en servidores seguros y detr\u00e1s de un firewall que est\u00e1 dise\u00f1ado para evitar el acceso no autorizado. La comunicaci\u00f3n de su computadora con nuestro servidor se lleva a cabo a trav\u00e9s de conexiones SSL encriptadas, reconocibles, en la barra de direcciones, en el candado verde y comienza con \u00abhttps: \/\/\u00bb de nuestro servidor de correo es evaluado por Vircom como: \u00abSeguridad muy fuerte\u00bb&nbsp;<\/p>\n<p><strong><em>No vendemos, alquilamos, enviamos o compartimos datos relativos a nuestros clientes.&nbsp;<\/em><\/strong><\/p>\n<p><strong>Cambios en este documento<br \/>\n<\/strong>Los cambios en este documento pueden realizarse sin previo aviso. Ellad2.com puede o no puede notificarle de los cambios en esta p\u00f3liza. Los cambios siempre se colocan aqu\u00ed.&nbsp;<\/p>\n<p>&nbsp;<\/p>\n<p>&nbsp;<\/p>\n","protected":false},"excerpt":{"rendered":"<p>Pol\u00edtica de privacidad: Nuestra direcci\u00f3n en el internet es: https:\/\/ellad2.com. Ellad2.com \u00a1Respeta tu privacidad! En general, puede visitar Ellad2.com sin decirnos qui\u00e9n es usted. Si lo desea, puede registrarse en Ellad2.com y crear una cuenta, pero no es una obligaci\u00f3n. Para crear la cuenta, necesitamos un nombre y una direcci\u00f3n de correo electr\u00f3nico. No almacenamos&hellip;&nbsp;<a href=\"https:\/\/ellad2.com\/es\/politica-de-privacidad\/\" rel=\"bookmark\">Leer m\u00e1s &raquo;<span class=\"screen-reader-text\">Pol\u00edtica de Privacidad<\/span><\/a><\/p>\n","protected":false},"author":205,"featured_media":0,"parent":0,"menu_order":0,"comment_status":"closed","ping_status":"closed","template":"","meta":{"neve_meta_sidebar":"","neve_meta_container":"","neve_meta_enable_content_width":"","neve_meta_content_width":0,"neve_meta_title_alignment":"","neve_meta_author_avatar":"","neve_post_elements_order":"","neve_meta_disable_header":"","neve_meta_disable_footer":"","neve_meta_disable_title":"","footnotes":""},"class_list":["post-36","page","type-page","status-publish","hentry"],"_links":{"self":[{"href":"https:\/\/ellad2.com\/es\/wp-json\/wp\/v2\/pages\/36","targetHints":{"allow":["GET"]}}],"collection":[{"href":"https:\/\/ellad2.com\/es\/wp-json\/wp\/v2\/pages"}],"about":[{"href":"https:\/\/ellad2.com\/es\/wp-json\/wp\/v2\/types\/page"}],"author":[{"embeddable":true,"href":"https:\/\/ellad2.com\/es\/wp-json\/wp\/v2\/users\/205"}],"replies":[{"embeddable":true,"href":"https:\/\/ellad2.com\/es\/wp-json\/wp\/v2\/comments?post=36"}],"version-history":[{"count":0,"href":"https:\/\/ellad2.com\/es\/wp-json\/wp\/v2\/pages\/36\/revisions"}],"wp:attachment":[{"href":"https:\/\/ellad2.com\/es\/wp-json\/wp\/v2\/media?parent=36"}],"curies":[{"name":"wp","href":"https:\/\/api.w.org\/{rel}","templated":true}]}}