{"id":30,"date":"2013-03-20T14:27:59","date_gmt":"2013-03-20T14:27:59","guid":{"rendered":"https:\/\/ellad2.com\/es\/?page_id=30"},"modified":"2018-07-14T12:25:54","modified_gmt":"2018-07-14T11:25:54","slug":"terminos-y-condiciones-ellad2","status":"publish","type":"page","link":"https:\/\/ellad2.com\/es\/terminos-y-condiciones-ellad2\/","title":{"rendered":"T\u00e9rminos y Condiciones"},"content":{"rendered":"<p><strong>T\u00e9rminos y condiciones:<\/strong><\/p>\n<p><strong>Tutor\u00edas de abalorios para uso Personal y Comercial:<\/strong><\/p>\n<p>Al comprar cualquier tutor\u00eda de abalorios de Ellad2.com usted acepta los siguientes t\u00e9rminos y condiciones.<\/p>\n<p>Lo b\u00e1sico es muy simple:<br \/>\nEl tutorial de abalorios que ha comprado es&nbsp;<strong>s\u00f3lo para uso personal<\/strong>.<br \/>\nUsted <strong>NO<\/strong> tiene permiso de compartir, vender, copiar o distribuir nada del tutorial de abalorios. Los derechos de autor se quedan con Ellad2.com<\/p>\n<p>Para ser m\u00e1s espec\u00edficos incluyen:<\/p>\n<ul>\n<li>Los dise\u00f1os de joyer\u00edas hecha con cuentas.<\/li>\n<li>Los Tutoriales de abalorios (archivo PDF) incluyendo todo los textos y fotos. &nbsp;&nbsp;<\/li>\n<\/ul>\n<p><strong>Excepciones para uso personal:<\/strong><\/p>\n<ul>\n<li>Usted puede vender art\u00edculos que hizo o ha comprado de mis seminarios de abalorios, mientras no sea una producci\u00f3n en masa.<\/li>\n<li>&nbsp;Cuando publique su trabajo d\u00e9 cr\u00e9dito del dise\u00f1o a Ellad2<br \/>\nConcreto: D\u00e9 un enlace a&nbsp;<a href=\"https:\/\/ellad2.com\/\">Ellad2.com<\/a><\/li>\n<\/ul>\n<p><strong>Uso comercial:<br \/>\n<\/strong>Tambi\u00e9n muy simple.<br \/>\nCuando est\u00e9 interesado:<\/p>\n<ul>\n<li>A ense\u00f1ar o cualquier otro uso comercial, por favor p\u00f3ngase en contacto conmigo.<\/li>\n<\/ul>\n<p><strong>Pol\u00edtica de reembolso de tutoriales:<\/strong><\/p>\n<ul>\n<li>Debido a que el tutorial de abalorios es digital (archivo PDF), por desgracia no es reembolsable.<\/li>\n<li>La transacci\u00f3n se hace final una vez que el archivo del PDF del seminario de abalorios es descargado o enviado por correo electr\u00f3nico al comprador.<\/li>\n<li>En caso de que no estuviera satisfecho con su compra, por favor p\u00f3ngase en contacto conmigo.<\/li>\n<\/ul>\n<p><strong>Cambios en este documento<\/strong><br \/>\nCambios en este documento pueden ser realizados peri\u00f3dicamente sin previo aviso. Ellad2.com puede o no puede notificarle de cambios.&nbsp; Cualquier cambio realizado se publicar\u00e1 aqu\u00ed.<\/p>\n","protected":false},"excerpt":{"rendered":"<p>T\u00e9rminos y condiciones: Tutor\u00edas de abalorios para uso Personal y Comercial: Al comprar cualquier tutor\u00eda de abalorios de Ellad2.com usted acepta los siguientes t\u00e9rminos y condiciones. Lo b\u00e1sico es muy simple: El tutorial de abalorios que ha comprado es&nbsp;s\u00f3lo para uso personal. Usted NO tiene permiso de compartir, vender, copiar o distribuir nada del tutorial&hellip;&nbsp;<a href=\"https:\/\/ellad2.com\/es\/terminos-y-condiciones-ellad2\/\" rel=\"bookmark\">Read More &raquo;<span class=\"screen-reader-text\">T\u00e9rminos y Condiciones<\/span><\/a><\/p>\n","protected":false},"author":205,"featured_media":0,"parent":0,"menu_order":0,"comment_status":"closed","ping_status":"closed","template":"","meta":{"neve_meta_sidebar":"","neve_meta_container":"","neve_meta_enable_content_width":"","neve_meta_content_width":0,"neve_meta_title_alignment":"","neve_meta_author_avatar":"","neve_post_elements_order":"","neve_meta_disable_header":"","neve_meta_disable_footer":"","neve_meta_disable_title":"","neve_meta_reading_time":"","ngg_post_thumbnail":0,"footnotes":""},"class_list":["post-30","page","type-page","status-publish","hentry"],"_links":{"self":[{"href":"https:\/\/ellad2.com\/es\/wp-json\/wp\/v2\/pages\/30","targetHints":{"allow":["GET"]}}],"collection":[{"href":"https:\/\/ellad2.com\/es\/wp-json\/wp\/v2\/pages"}],"about":[{"href":"https:\/\/ellad2.com\/es\/wp-json\/wp\/v2\/types\/page"}],"author":[{"embeddable":true,"href":"https:\/\/ellad2.com\/es\/wp-json\/wp\/v2\/users\/205"}],"replies":[{"embeddable":true,"href":"https:\/\/ellad2.com\/es\/wp-json\/wp\/v2\/comments?post=30"}],"version-history":[{"count":0,"href":"https:\/\/ellad2.com\/es\/wp-json\/wp\/v2\/pages\/30\/revisions"}],"wp:attachment":[{"href":"https:\/\/ellad2.com\/es\/wp-json\/wp\/v2\/media?parent=30"}],"curies":[{"name":"wp","href":"https:\/\/api.w.org\/{rel}","templated":true}]}}